{"id":34,"date":"2021-10-26T14:44:47","date_gmt":"2021-10-26T12:44:47","guid":{"rendered":"https:\/\/yellowframe.media\/?page_id=34"},"modified":"2024-10-10T12:25:46","modified_gmt":"2024-10-10T10:25:46","slug":"impressum","status":"publish","type":"page","link":"https:\/\/yellowframe.de\/ru\/%d0%be%d1%82%d0%bf%d0%b5%d1%87%d0%b0%d1%82%d0%be%d0%ba\/","title":{"rendered":"\u041e\u0442\u0442\u0438\u0441\u043a"},"content":{"rendered":"<p><strong>Yellow Frame<\/strong><br>BMI Expert GmbH<\/p>\n\n\n\n<p>\u0418\u0437\u0434\u0430\u0442\u0435\u043b\u044c\u0441\u043a\u0438\u0439 \u043d\u043e\u043c\u0435\u0440 978-3-949319<br><a href=\"mailto:hello@yellowframe.de\">hello@yellowframe.media<\/a><\/p>\n\n\n\n<p><strong>\u0418\u043d\u0444\u043e\u0440\u043c\u0430\u0446\u0438\u044f \u0432 \u0441\u043e\u043e\u0442\u0432\u0435\u0442\u0441\u0442\u0432\u0438\u0438 \u0441 \u00a7 5 TMG<\/strong><\/p>\n\n\n\n<p>BMI Expert GmbH<br><\/p>\n\n\n\n<p>BMI Expert GmbH<br>Otilostra\u00dfe 27<br>\u0422\u0435\u043b.: +49 89 38 15 60 99<br><a href=\"mailto:hagl@bmi.expert\">hagl@bmi.expert<\/a><\/p>\n\n\n\n<p>\u0432 \u043b\u0438\u0446\u0435 \u0443\u043f\u0440\u0430\u0432\u043b\u044f\u044e\u0449\u0435\u0433\u043e \u0434\u0438\u0440\u0435\u043a\u0442\u043e\u0440\u0430<br>\u0414\u043e\u043a\u0442\u043e\u0440 \u0420\u0438\u0447\u0430\u0440\u0434 \u0425\u0430\u0433\u043b<\/p>\n\n\n\n<p><strong>\u0417\u0430\u043f\u0438\u0441\u044c \u0432 \u0440\u0435\u0435\u0441\u0442\u0440\u0435:<\/strong><\/p>\n\n\n\n<p>\u0417\u0430\u043f\u0438\u0441\u044c \u0432 \u0442\u043e\u0440\u0433\u043e\u0432\u043e\u043c \u0440\u0435\u0435\u0441\u0442\u0440\u0435.<br>\u0420\u0435\u0433\u0438\u0441\u0442\u0440\u0430\u0446\u0438\u043e\u043d\u043d\u044b\u0439 \u0441\u0443\u0434: \u041c\u044e\u043d\u0445\u0435\u043d<br>\u0420\u0435\u0433\u0438\u0441\u0442\u0440\u0430\u0446\u0438\u043e\u043d\u043d\u044b\u0439 \u043d\u043e\u043c\u0435\u0440: HRB 177133<\/p>\n\n\n\n<p><strong>\u041d\u0430\u043b\u043e\u0433 \u043d\u0430 \u0434\u043e\u0431\u0430\u0432\u043b\u0435\u043d\u043d\u0443\u044e \u0441\u0442\u043e\u0438\u043c\u043e\u0441\u0442\u044c<\/strong><\/p>\n\n\n\n<p>\u0418\u0434\u0435\u043d\u0442\u0438\u0444\u0438\u043a\u0430\u0446\u0438\u043e\u043d\u043d\u044b\u0439 \u043d\u043e\u043c\u0435\u0440 \u043d\u0430\u043b\u043e\u0433\u0430 \u0441 \u043f\u0440\u043e\u0434\u0430\u0436<br>\u0432 \u0441\u043e\u043e\u0442\u0432\u0435\u0442\u0441\u0442\u0432\u0438\u0438 \u0441 \u00a727 a \u0417\u0430\u043a\u043e\u043d\u0430 \u043e \u043d\u0430\u043b\u043e\u0433\u0435 \u043d\u0430 \u0434\u043e\u0431\u0430\u0432\u043b\u0435\u043d\u043d\u0443\u044e \u0441\u0442\u043e\u0438\u043c\u043e\u0441\u0442\u044c:<br>DE 263237439<\/p>\n\n\n\n<p><strong>\u0420\u0430\u0437\u0440\u0435\u0448\u0435\u043d\u0438\u0435 \u0441\u043f\u043e\u0440\u043e\u0432<\/strong><\/p>\n\n\n\n<p>\u0415\u0432\u0440\u043e\u043f\u0435\u0439\u0441\u043a\u0430\u044f \u043a\u043e\u043c\u0438\u0441\u0441\u0438\u044f \u043f\u0440\u0435\u0434\u043e\u0441\u0442\u0430\u0432\u043b\u044f\u0435\u0442 \u043f\u043b\u0430\u0442\u0444\u043e\u0440\u043c\u0443 \u0434\u043b\u044f \u0440\u0430\u0437\u0440\u0435\u0448\u0435\u043d\u0438\u044f \u0441\u043f\u043e\u0440\u043e\u0432 \u0432 \u0440\u0435\u0436\u0438\u043c\u0435 \u043e\u043d\u043b\u0430\u0439\u043d (\u0423\u0421\u041e):&nbsp;<a href=\"https:\/\/ec.europa.eu\/consumers\/odr\" target=\"_blank\" rel=\"noreferrer noopener\">https:\/\/ec.europa.eu\/consumers\/odr<\/a><br>\u0410\u0434\u0440\u0435\u0441 \u043d\u0430\u0448\u0435\u0439 \u044d\u043b\u0435\u043a\u0442\u0440\u043e\u043d\u043d\u043e\u0439 \u043f\u043e\u0447\u0442\u044b \u0432\u044b \u043d\u0430\u0439\u0434\u0435\u0442\u0435 \u0432 \u043e\u0442\u0442\u0438\u0441\u043a\u0435 \u0432\u044b\u0448\u0435.<\/p>\n\n\n\n<p>\u041c\u044b \u043d\u0435 \u0436\u0435\u043b\u0430\u0435\u043c \u0438 \u043d\u0435 \u043e\u0431\u044f\u0437\u0430\u043d\u044b \u0443\u0447\u0430\u0441\u0442\u0432\u043e\u0432\u0430\u0442\u044c \u0432 \u043f\u0440\u043e\u0446\u0435\u0434\u0443\u0440\u0435 \u0440\u0430\u0437\u0440\u0435\u0448\u0435\u043d\u0438\u044f \u0441\u043f\u043e\u0440\u043e\u0432 \u0432 \u043f\u043e\u0442\u0440\u0435\u0431\u0438\u0442\u0435\u043b\u044c\u0441\u043a\u043e\u043c \u0430\u0440\u0431\u0438\u0442\u0440\u0430\u0436\u043d\u043e\u043c \u0441\u043e\u0432\u0435\u0442\u0435.<\/p>\n\n\n\n<p><strong>\u041e\u0442\u0432\u0435\u0442\u0441\u0442\u0432\u0435\u043d\u043d\u043e\u0441\u0442\u044c \u0437\u0430 \u0441\u043e\u0434\u0435\u0440\u0436\u0438\u043c\u043e\u0435<\/strong><\/p>\n\n\n\n<p>\u041a\u0430\u043a \u043f\u043e\u0441\u0442\u0430\u0432\u0449\u0438\u043a \u0443\u0441\u043b\u0443\u0433, \u043c\u044b \u043d\u0435\u0441\u0435\u043c \u043e\u0442\u0432\u0435\u0442\u0441\u0442\u0432\u0435\u043d\u043d\u043e\u0441\u0442\u044c \u0437\u0430 \u0441\u043e\u0431\u0441\u0442\u0432\u0435\u043d\u043d\u043e\u0435 \u0441\u043e\u0434\u0435\u0440\u0436\u0430\u043d\u0438\u0435 \u044d\u0442\u0438\u0445 \u0441\u0442\u0440\u0430\u043d\u0438\u0446 \u0432 \u0441\u043e\u043e\u0442\u0432\u0435\u0442\u0441\u0442\u0432\u0438\u0438 \u0441 \u043e\u0431\u0449\u0438\u043c \u0437\u0430\u043a\u043e\u043d\u043e\u0434\u0430\u0442\u0435\u043b\u044c\u0441\u0442\u0432\u043e\u043c \u0441\u043e\u0433\u043b\u0430\u0441\u043d\u043e \u00a7 7 (1) \u0417\u0430\u043a\u043e\u043d\u0430 \u043e \u0442\u0435\u043b\u0435\u043c\u0435\u0434\u0438\u0430 (TMG). \u041e\u0434\u043d\u0430\u043a\u043e, \u0441\u043e\u0433\u043b\u0430\u0441\u043d\u043e \u00a7\u00a7 8 - 10 TMG, \u043c\u044b \u043a\u0430\u043a \u043f\u043e\u0441\u0442\u0430\u0432\u0449\u0438\u043a \u0443\u0441\u043b\u0443\u0433 \u043d\u0435 \u043e\u0431\u044f\u0437\u0430\u043d\u044b \u043e\u0442\u0441\u043b\u0435\u0436\u0438\u0432\u0430\u0442\u044c \u043f\u0435\u0440\u0435\u0434\u0430\u0432\u0430\u0435\u043c\u0443\u044e \u0438\u043b\u0438 \u0445\u0440\u0430\u043d\u0438\u043c\u0443\u044e \u0438\u043d\u0444\u043e\u0440\u043c\u0430\u0446\u0438\u044e \u0442\u0440\u0435\u0442\u044c\u0438\u0445 \u043b\u0438\u0446 \u0438\u043b\u0438 \u0440\u0430\u0441\u0441\u043b\u0435\u0434\u043e\u0432\u0430\u0442\u044c \u043e\u0431\u0441\u0442\u043e\u044f\u0442\u0435\u043b\u044c\u0441\u0442\u0432\u0430, \u0443\u043a\u0430\u0437\u044b\u0432\u0430\u044e\u0449\u0438\u0435 \u043d\u0430 \u043d\u0435\u0437\u0430\u043a\u043e\u043d\u043d\u0443\u044e \u0434\u0435\u044f\u0442\u0435\u043b\u044c\u043d\u043e\u0441\u0442\u044c.<\/p>\n\n\n\n<p>\u041e\u0431\u044f\u0437\u0430\u0442\u0435\u043b\u044c\u0441\u0442\u0432\u0430 \u043f\u043e \u0443\u0434\u0430\u043b\u0435\u043d\u0438\u044e \u0438\u043b\u0438 \u0431\u043b\u043e\u043a\u0438\u0440\u043e\u0432\u0430\u043d\u0438\u044e \u0438\u0441\u043f\u043e\u043b\u044c\u0437\u043e\u0432\u0430\u043d\u0438\u044f \u0438\u043d\u0444\u043e\u0440\u043c\u0430\u0446\u0438\u0438 \u0432 \u0441\u043e\u043e\u0442\u0432\u0435\u0442\u0441\u0442\u0432\u0438\u0438 \u0441 \u043e\u0431\u0449\u0438\u043c\u0438 \u0437\u0430\u043a\u043e\u043d\u0430\u043c\u0438 \u043e\u0441\u0442\u0430\u044e\u0442\u0441\u044f \u043d\u0435\u0437\u0430\u0442\u0440\u043e\u043d\u0443\u0442\u044b\u043c\u0438. \u041e\u0434\u043d\u0430\u043a\u043e \u043e\u0442\u0432\u0435\u0442\u0441\u0442\u0432\u0435\u043d\u043d\u043e\u0441\u0442\u044c \u0432 \u044d\u0442\u043e\u043c \u043e\u0442\u043d\u043e\u0448\u0435\u043d\u0438\u0438 \u0432\u043e\u0437\u043c\u043e\u0436\u043d\u0430 \u0442\u043e\u043b\u044c\u043a\u043e \u0441 \u043c\u043e\u043c\u0435\u043d\u0442\u0430, \u043a\u043e\u0433\u0434\u0430 \u0441\u0442\u0430\u043b\u043e \u0438\u0437\u0432\u0435\u0441\u0442\u043d\u043e \u043e \u043a\u043e\u043d\u043a\u0440\u0435\u0442\u043d\u043e\u043c \u043d\u0430\u0440\u0443\u0448\u0435\u043d\u0438\u0438. \u0415\u0441\u043b\u0438 \u043d\u0430\u043c \u0441\u0442\u0430\u043d\u0435\u0442 \u0438\u0437\u0432\u0435\u0441\u0442\u043d\u043e \u043e \u0441\u043e\u043e\u0442\u0432\u0435\u0442\u0441\u0442\u0432\u0443\u044e\u0449\u0438\u0445 \u043d\u0430\u0440\u0443\u0448\u0435\u043d\u0438\u044f\u0445, \u043c\u044b \u043d\u0435\u043c\u0435\u0434\u043b\u0435\u043d\u043d\u043e \u0443\u0434\u0430\u043b\u0438\u043c \u044d\u0442\u043e\u0442 \u043a\u043e\u043d\u0442\u0435\u043d\u0442.<\/p>\n\n\n\n<p><strong>\u041e\u0442\u0432\u0435\u0442\u0441\u0442\u0432\u0435\u043d\u043d\u043e\u0441\u0442\u044c \u0437\u0430 \u0441\u0441\u044b\u043b\u043a\u0438<\/strong><\/p>\n\n\n\n<p>\u041d\u0430\u0448\u0435 \u043f\u0440\u0435\u0434\u043b\u043e\u0436\u0435\u043d\u0438\u0435 \u0441\u043e\u0434\u0435\u0440\u0436\u0438\u0442 \u0441\u0441\u044b\u043b\u043a\u0438 \u043d\u0430 \u0432\u043d\u0435\u0448\u043d\u0438\u0435 \u0441\u0430\u0439\u0442\u044b \u0442\u0440\u0435\u0442\u044c\u0438\u0445 \u043b\u0438\u0446, \u043d\u0430 \u0441\u043e\u0434\u0435\u0440\u0436\u0430\u043d\u0438\u0435 \u043a\u043e\u0442\u043e\u0440\u044b\u0445 \u043c\u044b \u043d\u0435 \u0438\u043c\u0435\u0435\u043c \u043d\u0438\u043a\u0430\u043a\u043e\u0433\u043e \u0432\u043b\u0438\u044f\u043d\u0438\u044f. \u041f\u043e\u044d\u0442\u043e\u043c\u0443 \u043c\u044b \u043d\u0435 \u043d\u0435\u0441\u0435\u043c \u043d\u0438\u043a\u0430\u043a\u043e\u0439 \u043e\u0442\u0432\u0435\u0442\u0441\u0442\u0432\u0435\u043d\u043d\u043e\u0441\u0442\u0438 \u0437\u0430 \u044d\u0442\u043e \u0432\u043d\u0435\u0448\u043d\u0435\u0435 \u0441\u043e\u0434\u0435\u0440\u0436\u0438\u043c\u043e\u0435. \u0421\u043e\u043e\u0442\u0432\u0435\u0442\u0441\u0442\u0432\u0443\u044e\u0449\u0438\u0439 \u043f\u0440\u043e\u0432\u0430\u0439\u0434\u0435\u0440 \u0438\u043b\u0438 \u043e\u043f\u0435\u0440\u0430\u0442\u043e\u0440 \u0441\u0442\u0440\u0430\u043d\u0438\u0446 \u0432\u0441\u0435\u0433\u0434\u0430 \u043d\u0435\u0441\u0435\u0442 \u043e\u0442\u0432\u0435\u0442\u0441\u0442\u0432\u0435\u043d\u043d\u043e\u0441\u0442\u044c \u0437\u0430 \u0441\u043e\u0434\u0435\u0440\u0436\u0430\u043d\u0438\u0435 \u0441\u0442\u0440\u0430\u043d\u0438\u0446, \u043d\u0430 \u043a\u043e\u0442\u043e\u0440\u044b\u0435 \u0432\u0435\u0434\u0443\u0442 \u0441\u0441\u044b\u043b\u043a\u0438. \u0421\u0432\u044f\u0437\u0430\u043d\u043d\u044b\u0435 \u0441\u0442\u0440\u0430\u043d\u0438\u0446\u044b \u043f\u0440\u043e\u0432\u0435\u0440\u044f\u043b\u0438\u0441\u044c \u043d\u0430 \u043f\u0440\u0435\u0434\u043c\u0435\u0442 \u0432\u043e\u0437\u043c\u043e\u0436\u043d\u044b\u0445 \u043d\u0430\u0440\u0443\u0448\u0435\u043d\u0438\u0439 \u0437\u0430\u043a\u043e\u043d\u043e\u0434\u0430\u0442\u0435\u043b\u044c\u0441\u0442\u0432\u0430 \u0432 \u043c\u043e\u043c\u0435\u043d\u0442 \u0440\u0430\u0437\u043c\u0435\u0449\u0435\u043d\u0438\u044f \u0441\u0441\u044b\u043b\u043e\u043a. \u041d\u0435\u043b\u0435\u0433\u0430\u043b\u044c\u043d\u043e\u0435 \u0441\u043e\u0434\u0435\u0440\u0436\u0438\u043c\u043e\u0435 \u043d\u0435 \u0431\u044b\u043b\u043e \u0440\u0430\u0441\u043f\u043e\u0437\u043d\u0430\u043d\u043e \u0432\u043e \u0432\u0440\u0435\u043c\u044f \u0440\u0430\u0437\u043c\u0435\u0449\u0435\u043d\u0438\u044f \u0441\u0441\u044b\u043b\u043a\u0438.<\/p>\n\n\n\n<p>\u041e\u0434\u043d\u0430\u043a\u043e \u043f\u043e\u0441\u0442\u043e\u044f\u043d\u043d\u044b\u0439 \u043a\u043e\u043d\u0442\u0440\u043e\u043b\u044c \u0437\u0430 \u0441\u043e\u0434\u0435\u0440\u0436\u0430\u043d\u0438\u0435\u043c \u0441\u0442\u0440\u0430\u043d\u0438\u0446, \u043d\u0430 \u043a\u043e\u0442\u043e\u0440\u044b\u0435 \u0432\u0435\u0434\u0443\u0442 \u0441\u0441\u044b\u043b\u043a\u0438, \u043d\u0435\u0446\u0435\u043b\u0435\u0441\u043e\u043e\u0431\u0440\u0430\u0437\u0435\u043d \u0431\u0435\u0437 \u043a\u043e\u043d\u043a\u0440\u0435\u0442\u043d\u044b\u0445 \u0434\u043e\u043a\u0430\u0437\u0430\u0442\u0435\u043b\u044c\u0441\u0442\u0432 \u043d\u0430\u0440\u0443\u0448\u0435\u043d\u0438\u044f \u0437\u0430\u043a\u043e\u043d\u0430. \u0415\u0441\u043b\u0438 \u043d\u0430\u043c \u0441\u0442\u0430\u043d\u0435\u0442 \u0438\u0437\u0432\u0435\u0441\u0442\u043d\u043e \u043e \u043a\u0430\u043a\u0438\u0445-\u043b\u0438\u0431\u043e \u043d\u0430\u0440\u0443\u0448\u0435\u043d\u0438\u044f\u0445 \u0437\u0430\u043a\u043e\u043d\u0430, \u043c\u044b \u043d\u0435\u043c\u0435\u0434\u043b\u0435\u043d\u043d\u043e \u0443\u0434\u0430\u043b\u0438\u043c \u0442\u0430\u043a\u0438\u0435 \u0441\u0441\u044b\u043b\u043a\u0438.<\/p>\n\n\n\n<p><strong>\u0410\u0432\u0442\u043e\u0440\u0441\u043a\u043e\u0435 \u043f\u0440\u0430\u0432\u043e<\/strong><\/p>\n\n\n\n<p>\u0421\u043e\u0434\u0435\u0440\u0436\u0430\u043d\u0438\u0435 \u0438 \u043f\u0440\u043e\u0438\u0437\u0432\u0435\u0434\u0435\u043d\u0438\u044f, \u0441\u043e\u0437\u0434\u0430\u043d\u043d\u044b\u0435 \u043e\u043f\u0435\u0440\u0430\u0442\u043e\u0440\u0430\u043c\u0438 \u0441\u0430\u0439\u0442\u0430 \u043d\u0430 \u044d\u0442\u0438\u0445 \u0441\u0442\u0440\u0430\u043d\u0438\u0446\u0430\u0445, \u043f\u043e\u0434\u043f\u0430\u0434\u0430\u044e\u0442 \u043f\u043e\u0434 \u0434\u0435\u0439\u0441\u0442\u0432\u0438\u0435 \u043d\u0435\u043c\u0435\u0446\u043a\u043e\u0433\u043e \u0437\u0430\u043a\u043e\u043d\u0430 \u043e\u0431 \u0430\u0432\u0442\u043e\u0440\u0441\u043a\u043e\u043c \u043f\u0440\u0430\u0432\u0435. \u0414\u043b\u044f \u0442\u0438\u0440\u0430\u0436\u0438\u0440\u043e\u0432\u0430\u043d\u0438\u044f, \u043e\u0431\u0440\u0430\u0431\u043e\u0442\u043a\u0438, \u0440\u0430\u0441\u043f\u0440\u043e\u0441\u0442\u0440\u0430\u043d\u0435\u043d\u0438\u044f \u0438 \u043b\u044e\u0431\u043e\u0433\u043e \u0432\u0438\u0434\u0430 \u044d\u043a\u0441\u043f\u043b\u0443\u0430\u0442\u0430\u0446\u0438\u0438 \u0432\u043d\u0435 \u0440\u0430\u043c\u043e\u043a \u0437\u0430\u043a\u043e\u043d\u0430 \u043e\u0431 \u0430\u0432\u0442\u043e\u0440\u0441\u043a\u043e\u043c \u043f\u0440\u0430\u0432\u0435 \u0442\u0440\u0435\u0431\u0443\u0435\u0442\u0441\u044f \u043f\u0438\u0441\u044c\u043c\u0435\u043d\u043d\u043e\u0435 \u0441\u043e\u0433\u043b\u0430\u0441\u0438\u0435 \u0441\u043e\u043e\u0442\u0432\u0435\u0442\u0441\u0442\u0432\u0443\u044e\u0449\u0435\u0433\u043e \u0430\u0432\u0442\u043e\u0440\u0430 \u0438\u043b\u0438 \u0441\u043e\u0437\u0434\u0430\u0442\u0435\u043b\u044f. \u0417\u0430\u0433\u0440\u0443\u0437\u043a\u0438 \u0438 \u043a\u043e\u043f\u0438\u0438 \u0434\u0430\u043d\u043d\u043e\u0433\u043e \u0441\u0430\u0439\u0442\u0430 \u0440\u0430\u0437\u0440\u0435\u0448\u0435\u043d\u044b \u0442\u043e\u043b\u044c\u043a\u043e \u0434\u043b\u044f \u0447\u0430\u0441\u0442\u043d\u043e\u0433\u043e, \u043d\u0435\u043a\u043e\u043c\u043c\u0435\u0440\u0447\u0435\u0441\u043a\u043e\u0433\u043e \u0438\u0441\u043f\u043e\u043b\u044c\u0437\u043e\u0432\u0430\u043d\u0438\u044f.<\/p>\n\n\n\n<p>\u0412 \u0442\u043e\u0439 \u043c\u0435\u0440\u0435, \u0432 \u043a\u0430\u043a\u043e\u0439 \u0441\u043e\u0434\u0435\u0440\u0436\u0430\u043d\u0438\u0435 \u044d\u0442\u043e\u0439 \u0441\u0442\u0440\u0430\u043d\u0438\u0446\u044b \u0441\u043e\u0437\u0434\u0430\u043d\u043e \u043d\u0435 \u043e\u043f\u0435\u0440\u0430\u0442\u043e\u0440\u043e\u043c, \u0430\u0432\u0442\u043e\u0440\u0441\u043a\u0438\u0435 \u043f\u0440\u0430\u0432\u0430 \u0442\u0440\u0435\u0442\u044c\u0438\u0445 \u043b\u0438\u0446 \u0441\u043e\u0431\u043b\u044e\u0434\u0430\u044e\u0442\u0441\u044f. \u0412 \u0447\u0430\u0441\u0442\u043d\u043e\u0441\u0442\u0438, \u043a\u043e\u043d\u0442\u0435\u043d\u0442 \u0442\u0440\u0435\u0442\u044c\u0438\u0445 \u043b\u0438\u0446 \u0438\u0434\u0435\u043d\u0442\u0438\u0444\u0438\u0446\u0438\u0440\u0443\u0435\u0442\u0441\u044f \u043a\u0430\u043a \u0442\u0430\u043a\u043e\u0432\u043e\u0439. \u0415\u0441\u043b\u0438 \u0432\u0430\u043c \u0432\u0441\u0435 \u0436\u0435 \u0441\u0442\u0430\u043d\u0435\u0442 \u0438\u0437\u0432\u0435\u0441\u0442\u043d\u043e \u043e \u043d\u0430\u0440\u0443\u0448\u0435\u043d\u0438\u0438 \u0430\u0432\u0442\u043e\u0440\u0441\u043a\u0438\u0445 \u043f\u0440\u0430\u0432, \u043f\u043e\u0436\u0430\u043b\u0443\u0439\u0441\u0442\u0430, \u0441\u043e\u043e\u0431\u0449\u0438\u0442\u0435 \u043d\u0430\u043c \u043e\u0431 \u044d\u0442\u043e\u043c. \u0415\u0441\u043b\u0438 \u043d\u0430\u043c \u0441\u0442\u0430\u043d\u0435\u0442 \u0438\u0437\u0432\u0435\u0441\u0442\u043d\u043e \u043e \u043a\u0430\u043a\u0438\u0445-\u043b\u0438\u0431\u043e \u043d\u0430\u0440\u0443\u0448\u0435\u043d\u0438\u044f\u0445, \u043c\u044b \u043d\u0435\u043c\u0435\u0434\u043b\u0435\u043d\u043d\u043e \u0443\u0434\u0430\u043b\u0438\u043c \u0442\u0430\u043a\u043e\u0435 \u0441\u043e\u0434\u0435\u0440\u0436\u0438\u043c\u043e\u0435.<\/p>","protected":false},"excerpt":{"rendered":"<p>Yellow FrameBMI Expert GmbH Verlagsnummer 978-3-949319hello@yellowframe.media Angaben gem\u00e4\u00df \u00a7 5 TMG BMI Expert GmbH BMI Expert GmbHOtilostra\u00dfe 27Tel.: +49 89 38 15 60 99hagl@bmi.expert vertreten durch den Gesch\u00e4ftsf\u00fchrerDr. Richard Hagl Registereintrag: Eintragung im Handelsregister.Registergericht: M\u00fcnchenRegisternummer: HRB 177133 Umsatzsteuer Umsatzsteuer-Identifikationsnummergem\u00e4\u00df \u00a727 a Umsatzsteuergesetz:DE 263237439 Streitschlichtung Die Europ\u00e4ische Kommission stellt eine Plattform zur Online-Streitbeilegung (OS) bereit:&nbsp;https:\/\/ec.europa.eu\/consumers\/odrUnsere E-Mail-Adresse [&hellip;]<\/p>\n","protected":false},"author":1,"featured_media":0,"parent":0,"menu_order":0,"comment_status":"closed","ping_status":"closed","template":"","meta":{"footnotes":""},"class_list":["post-34","page","type-page","status-publish","hentry"],"yoast_head":"<!-- This site is optimized with the Yoast SEO plugin v27.4 - https:\/\/yoast.com\/product\/yoast-seo-wordpress\/ -->\n<title>Impressum - Yellow Frame<\/title>\n<meta name=\"robots\" content=\"index, follow, max-snippet:-1, max-image-preview:large, max-video-preview:-1\" \/>\n<link rel=\"canonical\" href=\"https:\/\/yellowframe.de\/ru\/\u043e\u0442\u043f\u0435\u0447\u0430\u0442\u043e\u043a\/\" \/>\n<meta property=\"og:locale\" content=\"ru_RU\" \/>\n<meta property=\"og:type\" content=\"article\" \/>\n<meta property=\"og:title\" content=\"Impressum - Yellow Frame\" \/>\n<meta property=\"og:description\" content=\"Yellow FrameBMI Expert GmbH Verlagsnummer 978-3-949319hello@yellowframe.media Angaben gem\u00e4\u00df \u00a7 5 TMG BMI Expert GmbH BMI Expert GmbHOtilostra\u00dfe 27Tel.: +49 89 38 15 60 99hagl@bmi.expert vertreten durch den Gesch\u00e4ftsf\u00fchrerDr. Richard Hagl Registereintrag: Eintragung im Handelsregister.Registergericht: M\u00fcnchenRegisternummer: HRB 177133 Umsatzsteuer Umsatzsteuer-Identifikationsnummergem\u00e4\u00df \u00a727 a Umsatzsteuergesetz:DE 263237439 Streitschlichtung Die Europ\u00e4ische Kommission stellt eine Plattform zur Online-Streitbeilegung (OS) bereit:&nbsp;https:\/\/ec.europa.eu\/consumers\/odrUnsere E-Mail-Adresse [&hellip;]\" \/>\n<meta property=\"og:url\" content=\"https:\/\/yellowframe.de\/ru\/\u043e\u0442\u043f\u0435\u0447\u0430\u0442\u043e\u043a\/\" \/>\n<meta property=\"og:site_name\" content=\"Yellow Frame\" \/>\n<meta property=\"article:modified_time\" content=\"2024-10-10T10:25:46+00:00\" \/>\n<meta name=\"twitter:card\" content=\"summary_large_image\" \/>\n<meta name=\"twitter:label1\" content=\"\u041f\u0440\u0438\u043c\u0435\u0440\u043d\u043e\u0435 \u0432\u0440\u0435\u043c\u044f \u0434\u043b\u044f \u0447\u0442\u0435\u043d\u0438\u044f\" \/>\n\t<meta name=\"twitter:data1\" content=\"3 \u043c\u0438\u043d\u0443\u0442\u044b\" \/>\n<script type=\"application\/ld+json\" class=\"yoast-schema-graph\">{\"@context\":\"https:\\\/\\\/schema.org\",\"@graph\":[{\"@type\":\"WebPage\",\"@id\":\"https:\\\/\\\/yellowframe.de\\\/impressum\\\/\",\"url\":\"https:\\\/\\\/yellowframe.de\\\/impressum\\\/\",\"name\":\"Impressum - Yellow Frame\",\"isPartOf\":{\"@id\":\"https:\\\/\\\/yellowframe.de\\\/#website\"},\"datePublished\":\"2021-10-26T12:44:47+00:00\",\"dateModified\":\"2024-10-10T10:25:46+00:00\",\"breadcrumb\":{\"@id\":\"https:\\\/\\\/yellowframe.de\\\/impressum\\\/#breadcrumb\"},\"inLanguage\":\"ru-RU\",\"potentialAction\":[{\"@type\":\"ReadAction\",\"target\":[\"https:\\\/\\\/yellowframe.de\\\/impressum\\\/\"]}]},{\"@type\":\"BreadcrumbList\",\"@id\":\"https:\\\/\\\/yellowframe.de\\\/impressum\\\/#breadcrumb\",\"itemListElement\":[{\"@type\":\"ListItem\",\"position\":1,\"name\":\"Startseite\",\"item\":\"https:\\\/\\\/yellowframe.de\\\/\"},{\"@type\":\"ListItem\",\"position\":2,\"name\":\"Impressum\"}]},{\"@type\":\"WebSite\",\"@id\":\"https:\\\/\\\/yellowframe.de\\\/#website\",\"url\":\"https:\\\/\\\/yellowframe.de\\\/\",\"name\":\"Yellow Frame\",\"description\":\"\",\"publisher\":{\"@id\":\"https:\\\/\\\/yellowframe.de\\\/#organization\"},\"potentialAction\":[{\"@type\":\"SearchAction\",\"target\":{\"@type\":\"EntryPoint\",\"urlTemplate\":\"https:\\\/\\\/yellowframe.de\\\/?s={search_term_string}\"},\"query-input\":{\"@type\":\"PropertyValueSpecification\",\"valueRequired\":true,\"valueName\":\"search_term_string\"}}],\"inLanguage\":\"ru-RU\"},{\"@type\":\"Organization\",\"@id\":\"https:\\\/\\\/yellowframe.de\\\/#organization\",\"name\":\"Yellow Frame\",\"url\":\"https:\\\/\\\/yellowframe.de\\\/\",\"logo\":{\"@type\":\"ImageObject\",\"inLanguage\":\"ru-RU\",\"@id\":\"https:\\\/\\\/yellowframe.de\\\/#\\\/schema\\\/logo\\\/image\\\/\",\"url\":\"https:\\\/\\\/yellowframe.de\\\/wp-content\\\/uploads\\\/2021\\\/12\\\/Logo-V.5-mit-Tagline.png\",\"contentUrl\":\"https:\\\/\\\/yellowframe.de\\\/wp-content\\\/uploads\\\/2021\\\/12\\\/Logo-V.5-mit-Tagline.png\",\"width\":3000,\"height\":907,\"caption\":\"Yellow Frame\"},\"image\":{\"@id\":\"https:\\\/\\\/yellowframe.de\\\/#\\\/schema\\\/logo\\\/image\\\/\"}}]}<\/script>\n<!-- \/ Yoast SEO plugin. -->","yoast_head_json":{"title":"\u041e\u0442\u0442\u0438\u0441\u043a - Yellow Frame","robots":{"index":"index","follow":"follow","max-snippet":"max-snippet:-1","max-image-preview":"max-image-preview:large","max-video-preview":"max-video-preview:-1"},"canonical":"https:\/\/yellowframe.de\/ru\/\u043e\u0442\u043f\u0435\u0447\u0430\u0442\u043e\u043a\/","og_locale":"ru_RU","og_type":"article","og_title":"Impressum - Yellow Frame","og_description":"Yellow FrameBMI Expert GmbH Verlagsnummer 978-3-949319hello@yellowframe.media Angaben gem\u00e4\u00df \u00a7 5 TMG BMI Expert GmbH BMI Expert GmbHOtilostra\u00dfe 27Tel.: +49 89 38 15 60 99hagl@bmi.expert vertreten durch den Gesch\u00e4ftsf\u00fchrerDr. Richard Hagl Registereintrag: Eintragung im Handelsregister.Registergericht: M\u00fcnchenRegisternummer: HRB 177133 Umsatzsteuer Umsatzsteuer-Identifikationsnummergem\u00e4\u00df \u00a727 a Umsatzsteuergesetz:DE 263237439 Streitschlichtung Die Europ\u00e4ische Kommission stellt eine Plattform zur Online-Streitbeilegung (OS) bereit:&nbsp;https:\/\/ec.europa.eu\/consumers\/odrUnsere E-Mail-Adresse [&hellip;]","og_url":"https:\/\/yellowframe.de\/ru\/\u043e\u0442\u043f\u0435\u0447\u0430\u0442\u043e\u043a\/","og_site_name":"Yellow Frame","article_modified_time":"2024-10-10T10:25:46+00:00","twitter_card":"summary_large_image","twitter_misc":{"\u041f\u0440\u0438\u043c\u0435\u0440\u043d\u043e\u0435 \u0432\u0440\u0435\u043c\u044f \u0434\u043b\u044f \u0447\u0442\u0435\u043d\u0438\u044f":"3 \u043c\u0438\u043d\u0443\u0442\u044b"},"schema":{"@context":"https:\/\/schema.org","@graph":[{"@type":"WebPage","@id":"https:\/\/yellowframe.de\/impressum\/","url":"https:\/\/yellowframe.de\/impressum\/","name":"\u041e\u0442\u0442\u0438\u0441\u043a - Yellow Frame","isPartOf":{"@id":"https:\/\/yellowframe.de\/#website"},"datePublished":"2021-10-26T12:44:47+00:00","dateModified":"2024-10-10T10:25:46+00:00","breadcrumb":{"@id":"https:\/\/yellowframe.de\/impressum\/#breadcrumb"},"inLanguage":"ru-RU","potentialAction":[{"@type":"ReadAction","target":["https:\/\/yellowframe.de\/impressum\/"]}]},{"@type":"BreadcrumbList","@id":"https:\/\/yellowframe.de\/impressum\/#breadcrumb","itemListElement":[{"@type":"ListItem","position":1,"name":"Startseite","item":"https:\/\/yellowframe.de\/"},{"@type":"ListItem","position":2,"name":"Impressum"}]},{"@type":"WebSite","@id":"https:\/\/yellowframe.de\/#website","url":"https:\/\/yellowframe.de\/","name":"Yellow Frame","description":"","publisher":{"@id":"https:\/\/yellowframe.de\/#organization"},"potentialAction":[{"@type":"SearchAction","target":{"@type":"EntryPoint","urlTemplate":"https:\/\/yellowframe.de\/?s={search_term_string}"},"query-input":{"@type":"PropertyValueSpecification","valueRequired":true,"valueName":"search_term_string"}}],"inLanguage":"ru-RU"},{"@type":"Organization","@id":"https:\/\/yellowframe.de\/#organization","name":"Yellow Frame","url":"https:\/\/yellowframe.de\/","logo":{"@type":"ImageObject","inLanguage":"ru-RU","@id":"https:\/\/yellowframe.de\/#\/schema\/logo\/image\/","url":"https:\/\/yellowframe.de\/wp-content\/uploads\/2021\/12\/Logo-V.5-mit-Tagline.png","contentUrl":"https:\/\/yellowframe.de\/wp-content\/uploads\/2021\/12\/Logo-V.5-mit-Tagline.png","width":3000,"height":907,"caption":"Yellow Frame"},"image":{"@id":"https:\/\/yellowframe.de\/#\/schema\/logo\/image\/"}}]}},"_links":{"self":[{"href":"https:\/\/yellowframe.de\/ru\/wp-json\/wp\/v2\/pages\/34","targetHints":{"allow":["GET"]}}],"collection":[{"href":"https:\/\/yellowframe.de\/ru\/wp-json\/wp\/v2\/pages"}],"about":[{"href":"https:\/\/yellowframe.de\/ru\/wp-json\/wp\/v2\/types\/page"}],"author":[{"embeddable":true,"href":"https:\/\/yellowframe.de\/ru\/wp-json\/wp\/v2\/users\/1"}],"replies":[{"embeddable":true,"href":"https:\/\/yellowframe.de\/ru\/wp-json\/wp\/v2\/comments?post=34"}],"version-history":[{"count":10,"href":"https:\/\/yellowframe.de\/ru\/wp-json\/wp\/v2\/pages\/34\/revisions"}],"predecessor-version":[{"id":441,"href":"https:\/\/yellowframe.de\/ru\/wp-json\/wp\/v2\/pages\/34\/revisions\/441"}],"wp:attachment":[{"href":"https:\/\/yellowframe.de\/ru\/wp-json\/wp\/v2\/media?parent=34"}],"curies":[{"name":"wp","href":"https:\/\/api.w.org\/{rel}","templated":true}]}}