{"id":40,"date":"2021-10-26T14:50:09","date_gmt":"2021-10-26T12:50:09","guid":{"rendered":"https:\/\/yellowframe.media\/?page_id=40"},"modified":"2023-03-02T09:49:05","modified_gmt":"2023-03-02T08:49:05","slug":"datenschutz","status":"publish","type":"page","link":"https:\/\/yellowframe.de\/en\/privacy\/","title":{"rendered":"Privacy"},"content":{"rendered":"<h2 class=\"wp-block-heading\"><strong>Data protection<\/strong><\/h2>\n\n\n\n<p>Responsible in terms of the data protection act:<\/p>\n\n\n\n<p>BMI Expert GmbH<br><\/p>\n\n\n\n<p>Otilostra\u00dfe 27<br>82166 Gr\u00e4feling<br>represented by GF Dr. Richard Hagl<br>legal@bmi.expert<\/p>\n\n\n\n<p><strong>Privacy<\/strong><\/p>\n\n\n\n<p>As a website operator, we take the protection of all personal data very seriously. All personal information is treated confidentially and in accordance with the statutory provisions, as explained in this data protection declaration.<\/p>\n\n\n\n<p>Our website can of course be used without providing any personal data. However, if at any time personal data such as name, address or e-mail is requested, this will be done on a voluntary basis. The data we collect will never be passed on to third parties without your specific permission.<\/p>\n\n\n\n<p>Data transmission over the Internet, for example via e-mail, can always have security gaps. Complete data protection is not possible on the Internet.<\/p>\n\n\n\n<p><strong>Information, deletion, blocking<\/strong><\/p>\n\n\n\n<p>At any time you can find out about the personal data, their origin and recipient and the benefits of data processing and request a correction, blocking or deletion of this data free of charge. Please use the contact details given in the legal notice. We are also available at any time for further questions on the subject.<\/p>\n\n\n\n<p><strong>Server log files<\/strong><\/p>\n\n\n\n<p>The website provider automatically collects and stores data in server log files that are transmitted to us by your browser. These data contain:<\/p>\n\n\n\n<p>- browser type \/ browser version<\/p>\n\n\n\n<p>- Operating system of the computer<\/p>\n\n\n\n<p>- Referrer URL<\/p>\n\n\n\n<p>- Host name of the accessing computer<\/p>\n\n\n\n<p>- Time of the server request<\/p>\n\n\n\n<p>These data are not personal. This data is not merged with other data sources. If we become aware of specific indications of illegal use, we reserve the right to retrospectively check this data.<\/p>\n\n\n\n<p><strong>Cookies<\/strong><\/p>\n\n\n\n<p>Many websites use cookies. Cookies are harmless to your computer and virus-free. They are used to make offers to visitors to an Internet site <a href=\"https:\/\/xn--datenschutzerklrungmuster-zec.de\/\" target=\"_blank\" rel=\"noreferrer noopener\"><\/a> friendlier, more effective and safer. Cookies are small text files that are stored on your computer and that your browser uses.<\/p>\n\n\n\n<p>We usually use so-called &quot;session cookies&quot;. These are automatically deleted after you leave our website. Other cookies remain stored on your computer until you delete them. These cookies help to recognize your computer the next time you visit.<\/p>\n\n\n\n<p>You can use the browser settings to specify that you are informed about new cookies and that you have to accept cookies in each case. You can also exclude the acceptance of cookies in certain cases or in general or activate the automatic deletion of cookies when you close the browser. If cookies are deactivated, the functionality of our website may be restricted.<\/p>\n\n\n\n<p><strong>Change of data protection regulations<\/strong><\/p>\n\n\n\n<p>Our data protection declaration can be adjusted at irregular intervals so that it complies with current legal requirements or to implement changes to our services, e.g. B. when inserting new offers. The new one will automatically apply to your next visit <strong>Data protection<\/strong>.<\/p>\n\n\n\n<p><strong>Contact the data protection officer<\/strong><\/p>\n\n\n\n<p>If you have any questions about data protection, please send us a message to legal@bmi.expert with the subject &quot;Data protection&quot;.<\/p>\n\n\n\n<p>This cancellation policy was created by datenschutzerkl\u00e4rungmuster.de.<\/p>","protected":false},"excerpt":{"rendered":"<p>Datenschutzerkl\u00e4rung Verantwortlich im Sinne der Datenschutzgesetzes: BMI Expert GmbH Otilostra\u00dfe 2782166 Gr\u00e4felingvertreten durch den GF Dr. Richard Hagllegal@bmi.expert Datenschutz Als Webseitenbetreiber nehmen wir den Schutz aller pers\u00f6nlichen Daten sehr ernst. Alle personenbezogenen Informationen werden vertraulich und gem\u00e4\u00df den gesetzlichen Vorschriften behandelt, wie in dieser Datenschutzerkl\u00e4rung erl\u00e4utert. Unserer Webseite kann selbstverst\u00e4ndlich genutzt werden, ohne dass Sie [&hellip;]<\/p>\n","protected":false},"author":1,"featured_media":0,"parent":0,"menu_order":0,"comment_status":"closed","ping_status":"closed","template":"","meta":{"footnotes":""},"class_list":["post-40","page","type-page","status-publish","hentry"],"yoast_head":"<!-- This site is optimized with the Yoast SEO plugin v27.4 - https:\/\/yoast.com\/product\/yoast-seo-wordpress\/ -->\n<title>Datenschutz - Yellow Frame<\/title>\n<meta name=\"robots\" content=\"index, follow, max-snippet:-1, max-image-preview:large, max-video-preview:-1\" \/>\n<link rel=\"canonical\" href=\"https:\/\/yellowframe.de\/en\/privacy\/\" \/>\n<meta property=\"og:locale\" content=\"en_US\" \/>\n<meta property=\"og:type\" content=\"article\" \/>\n<meta property=\"og:title\" content=\"Datenschutz - Yellow Frame\" \/>\n<meta property=\"og:description\" content=\"Datenschutzerkl\u00e4rung Verantwortlich im Sinne der Datenschutzgesetzes: BMI Expert GmbH Otilostra\u00dfe 2782166 Gr\u00e4felingvertreten durch den GF Dr. Richard Hagllegal@bmi.expert Datenschutz Als Webseitenbetreiber nehmen wir den Schutz aller pers\u00f6nlichen Daten sehr ernst. Alle personenbezogenen Informationen werden vertraulich und gem\u00e4\u00df den gesetzlichen Vorschriften behandelt, wie in dieser Datenschutzerkl\u00e4rung erl\u00e4utert. Unserer Webseite kann selbstverst\u00e4ndlich genutzt werden, ohne dass Sie [&hellip;]\" \/>\n<meta property=\"og:url\" content=\"https:\/\/yellowframe.de\/en\/privacy\/\" \/>\n<meta property=\"og:site_name\" content=\"Yellow Frame\" \/>\n<meta property=\"article:modified_time\" content=\"2023-03-02T08:49:05+00:00\" \/>\n<meta name=\"twitter:card\" content=\"summary_large_image\" \/>\n<meta name=\"twitter:label1\" content=\"Est. reading time\" \/>\n\t<meta name=\"twitter:data1\" content=\"3 minutes\" \/>\n<script type=\"application\/ld+json\" class=\"yoast-schema-graph\">{\"@context\":\"https:\\\/\\\/schema.org\",\"@graph\":[{\"@type\":\"WebPage\",\"@id\":\"https:\\\/\\\/yellowframe.de\\\/datenschutz\\\/\",\"url\":\"https:\\\/\\\/yellowframe.de\\\/datenschutz\\\/\",\"name\":\"Datenschutz - Yellow Frame\",\"isPartOf\":{\"@id\":\"https:\\\/\\\/yellowframe.de\\\/#website\"},\"datePublished\":\"2021-10-26T12:50:09+00:00\",\"dateModified\":\"2023-03-02T08:49:05+00:00\",\"breadcrumb\":{\"@id\":\"https:\\\/\\\/yellowframe.de\\\/datenschutz\\\/#breadcrumb\"},\"inLanguage\":\"en-US\",\"potentialAction\":[{\"@type\":\"ReadAction\",\"target\":[\"https:\\\/\\\/yellowframe.de\\\/datenschutz\\\/\"]}]},{\"@type\":\"BreadcrumbList\",\"@id\":\"https:\\\/\\\/yellowframe.de\\\/datenschutz\\\/#breadcrumb\",\"itemListElement\":[{\"@type\":\"ListItem\",\"position\":1,\"name\":\"Startseite\",\"item\":\"https:\\\/\\\/yellowframe.de\\\/\"},{\"@type\":\"ListItem\",\"position\":2,\"name\":\"Datenschutz\"}]},{\"@type\":\"WebSite\",\"@id\":\"https:\\\/\\\/yellowframe.de\\\/#website\",\"url\":\"https:\\\/\\\/yellowframe.de\\\/\",\"name\":\"Yellow Frame\",\"description\":\"\",\"publisher\":{\"@id\":\"https:\\\/\\\/yellowframe.de\\\/#organization\"},\"potentialAction\":[{\"@type\":\"SearchAction\",\"target\":{\"@type\":\"EntryPoint\",\"urlTemplate\":\"https:\\\/\\\/yellowframe.de\\\/?s={search_term_string}\"},\"query-input\":{\"@type\":\"PropertyValueSpecification\",\"valueRequired\":true,\"valueName\":\"search_term_string\"}}],\"inLanguage\":\"en-US\"},{\"@type\":\"Organization\",\"@id\":\"https:\\\/\\\/yellowframe.de\\\/#organization\",\"name\":\"Yellow Frame\",\"url\":\"https:\\\/\\\/yellowframe.de\\\/\",\"logo\":{\"@type\":\"ImageObject\",\"inLanguage\":\"en-US\",\"@id\":\"https:\\\/\\\/yellowframe.de\\\/#\\\/schema\\\/logo\\\/image\\\/\",\"url\":\"https:\\\/\\\/yellowframe.de\\\/wp-content\\\/uploads\\\/2021\\\/12\\\/Logo-V.5-mit-Tagline.png\",\"contentUrl\":\"https:\\\/\\\/yellowframe.de\\\/wp-content\\\/uploads\\\/2021\\\/12\\\/Logo-V.5-mit-Tagline.png\",\"width\":3000,\"height\":907,\"caption\":\"Yellow Frame\"},\"image\":{\"@id\":\"https:\\\/\\\/yellowframe.de\\\/#\\\/schema\\\/logo\\\/image\\\/\"}}]}<\/script>\n<!-- \/ Yoast SEO plugin. -->","yoast_head_json":{"title":"Data protection - Yellow Frame","robots":{"index":"index","follow":"follow","max-snippet":"max-snippet:-1","max-image-preview":"max-image-preview:large","max-video-preview":"max-video-preview:-1"},"canonical":"https:\/\/yellowframe.de\/en\/privacy\/","og_locale":"en_US","og_type":"article","og_title":"Datenschutz - Yellow Frame","og_description":"Datenschutzerkl\u00e4rung Verantwortlich im Sinne der Datenschutzgesetzes: BMI Expert GmbH Otilostra\u00dfe 2782166 Gr\u00e4felingvertreten durch den GF Dr. Richard Hagllegal@bmi.expert Datenschutz Als Webseitenbetreiber nehmen wir den Schutz aller pers\u00f6nlichen Daten sehr ernst. Alle personenbezogenen Informationen werden vertraulich und gem\u00e4\u00df den gesetzlichen Vorschriften behandelt, wie in dieser Datenschutzerkl\u00e4rung erl\u00e4utert. Unserer Webseite kann selbstverst\u00e4ndlich genutzt werden, ohne dass Sie [&hellip;]","og_url":"https:\/\/yellowframe.de\/en\/privacy\/","og_site_name":"Yellow Frame","article_modified_time":"2023-03-02T08:49:05+00:00","twitter_card":"summary_large_image","twitter_misc":{"Est. reading time":"3 minutes"},"schema":{"@context":"https:\/\/schema.org","@graph":[{"@type":"WebPage","@id":"https:\/\/yellowframe.de\/datenschutz\/","url":"https:\/\/yellowframe.de\/datenschutz\/","name":"Data protection - Yellow Frame","isPartOf":{"@id":"https:\/\/yellowframe.de\/#website"},"datePublished":"2021-10-26T12:50:09+00:00","dateModified":"2023-03-02T08:49:05+00:00","breadcrumb":{"@id":"https:\/\/yellowframe.de\/datenschutz\/#breadcrumb"},"inLanguage":"en-US","potentialAction":[{"@type":"ReadAction","target":["https:\/\/yellowframe.de\/datenschutz\/"]}]},{"@type":"BreadcrumbList","@id":"https:\/\/yellowframe.de\/datenschutz\/#breadcrumb","itemListElement":[{"@type":"ListItem","position":1,"name":"Startseite","item":"https:\/\/yellowframe.de\/"},{"@type":"ListItem","position":2,"name":"Datenschutz"}]},{"@type":"WebSite","@id":"https:\/\/yellowframe.de\/#website","url":"https:\/\/yellowframe.de\/","name":"Yellow Frame","description":"","publisher":{"@id":"https:\/\/yellowframe.de\/#organization"},"potentialAction":[{"@type":"SearchAction","target":{"@type":"EntryPoint","urlTemplate":"https:\/\/yellowframe.de\/?s={search_term_string}"},"query-input":{"@type":"PropertyValueSpecification","valueRequired":true,"valueName":"search_term_string"}}],"inLanguage":"en-US"},{"@type":"Organization","@id":"https:\/\/yellowframe.de\/#organization","name":"Yellow Frame","url":"https:\/\/yellowframe.de\/","logo":{"@type":"ImageObject","inLanguage":"en-US","@id":"https:\/\/yellowframe.de\/#\/schema\/logo\/image\/","url":"https:\/\/yellowframe.de\/wp-content\/uploads\/2021\/12\/Logo-V.5-mit-Tagline.png","contentUrl":"https:\/\/yellowframe.de\/wp-content\/uploads\/2021\/12\/Logo-V.5-mit-Tagline.png","width":3000,"height":907,"caption":"Yellow Frame"},"image":{"@id":"https:\/\/yellowframe.de\/#\/schema\/logo\/image\/"}}]}},"_links":{"self":[{"href":"https:\/\/yellowframe.de\/en\/wp-json\/wp\/v2\/pages\/40","targetHints":{"allow":["GET"]}}],"collection":[{"href":"https:\/\/yellowframe.de\/en\/wp-json\/wp\/v2\/pages"}],"about":[{"href":"https:\/\/yellowframe.de\/en\/wp-json\/wp\/v2\/types\/page"}],"author":[{"embeddable":true,"href":"https:\/\/yellowframe.de\/en\/wp-json\/wp\/v2\/users\/1"}],"replies":[{"embeddable":true,"href":"https:\/\/yellowframe.de\/en\/wp-json\/wp\/v2\/comments?post=40"}],"version-history":[{"count":2,"href":"https:\/\/yellowframe.de\/en\/wp-json\/wp\/v2\/pages\/40\/revisions"}],"predecessor-version":[{"id":432,"href":"https:\/\/yellowframe.de\/en\/wp-json\/wp\/v2\/pages\/40\/revisions\/432"}],"wp:attachment":[{"href":"https:\/\/yellowframe.de\/en\/wp-json\/wp\/v2\/media?parent=40"}],"curies":[{"name":"wp","href":"https:\/\/api.w.org\/{rel}","templated":true}]}}